{"id":11,"date":"2019-01-26T10:06:08","date_gmt":"2019-01-26T09:06:08","guid":{"rendered":"http:\/\/116.202.16.161\/yvonne\/?page_id=11"},"modified":"2019-05-08T18:28:20","modified_gmt":"2019-05-08T16:28:20","slug":"impressum","status":"publish","type":"page","link":"https:\/\/yvonne.sell-wolpert.de\/?page_id=11","title":{"rendered":"Impressum"},"content":{"rendered":"\n<p> Yvonne Sell-Wolpert<br>Brahmsweg 3<br>72348 Rosenfeld<br>Deutschland<br>fadenmalerei [\u00e4t] gmail.com<\/p>\n\n\n\n<p>Meine Entw\u00fcrfe und die Abbildungen auf dieser Webseite d\u00fcrfen nur mit meiner ausdr\u00fccklichen Zustimmung verwendet werden. \u2014 <a href=\"mailto:fadenmalerei@gmail.com\">Bitte fragen Sie mich.<\/a><\/p>\n\n\n\n<p>Hinweise zur Verarbeitung Ihrer Angaben und Widerspruchsrechte finden Sie in der <a href=\"http:\/\/yvonne.sell-wolpert.de\/?page_id=3\">Datenschutzerkl\u00e4rung<\/a>. <\/p>\n\n\n\n<hr class=\"wp-block-separator\"\/>\n\n\n\n<p>Fotos und Administration<br><br>Thomas Wolpert, Rosenfeld<br>auf der Grundlage des WordPress Themes <em>Twenty-Seventeen<\/em><\/p>\n","protected":false},"excerpt":{"rendered":"<p>Yvonne Sell-WolpertBrahmsweg 372348 RosenfeldDeutschlandfadenmalerei [\u00e4t] gmail.com Meine Entw\u00fcrfe und die Abbildungen auf dieser Webseite d\u00fcrfen nur mit meiner ausdr\u00fccklichen Zustimmung verwendet werden. \u2014 Bitte fragen Sie mich. Hinweise zur Verarbeitung Ihrer Angaben und Widerspruchsrechte finden Sie in der Datenschutzerkl\u00e4rung. Fotos und Administration Thomas Wolpert, Rosenfeldauf der Grundlage des WordPress Themes Twenty-Seventeen<\/p>\n","protected":false},"author":1,"featured_media":0,"parent":0,"menu_order":0,"comment_status":"closed","ping_status":"closed","template":"","meta":{"footnotes":""},"class_list":["post-11","page","type-page","status-publish","hentry"],"_links":{"self":[{"href":"https:\/\/yvonne.sell-wolpert.de\/index.php?rest_route=\/wp\/v2\/pages\/11","targetHints":{"allow":["GET"]}}],"collection":[{"href":"https:\/\/yvonne.sell-wolpert.de\/index.php?rest_route=\/wp\/v2\/pages"}],"about":[{"href":"https:\/\/yvonne.sell-wolpert.de\/index.php?rest_route=\/wp\/v2\/types\/page"}],"author":[{"embeddable":true,"href":"https:\/\/yvonne.sell-wolpert.de\/index.php?rest_route=\/wp\/v2\/users\/1"}],"replies":[{"embeddable":true,"href":"https:\/\/yvonne.sell-wolpert.de\/index.php?rest_route=%2Fwp%2Fv2%2Fcomments&post=11"}],"version-history":[{"count":6,"href":"https:\/\/yvonne.sell-wolpert.de\/index.php?rest_route=\/wp\/v2\/pages\/11\/revisions"}],"predecessor-version":[{"id":180,"href":"https:\/\/yvonne.sell-wolpert.de\/index.php?rest_route=\/wp\/v2\/pages\/11\/revisions\/180"}],"wp:attachment":[{"href":"https:\/\/yvonne.sell-wolpert.de\/index.php?rest_route=%2Fwp%2Fv2%2Fmedia&parent=11"}],"curies":[{"name":"wp","href":"https:\/\/api.w.org\/{rel}","templated":true}]}}